{"id":2548,"date":"2025-12-08T15:16:30","date_gmt":"2025-12-08T14:16:30","guid":{"rendered":"https:\/\/www.josemarin.net\/tienda\/?post_type=product&#038;p=2548"},"modified":"2025-12-14T13:19:41","modified_gmt":"2025-12-14T12:19:41","slug":"efimera-belleza","status":"publish","type":"product","link":"https:\/\/www.josemarin.net\/tienda\/en\/producto\/efimera-belleza\/","title":{"rendered":"EPHEMERAL BEAUTY"},"content":{"rendered":"<p>These earrings, called \u201cEphemeral Beauty,\u201d are crafted in sterling silver with a 1-micron gold plating. Their design highlights the fusion of pear-shaped aquamarines and rose quartz. They are part of a limited series of unique pieces, with exclusive designs created especially for each stone. These stones, in turn, are also unique, both for their mineral variety and their custom cut. The piece is part of the \u201cMystery\u201d collection.<\/p>","protected":false},"excerpt":{"rendered":"<p>Estos pendientes, denominados &#8220;Ef\u00edmera Belleza&#8221;, est\u00e1n confeccionados en plata de ley con un ba\u00f1o de oro de 1 micra. Su dise\u00f1o realza la fusi\u00f3n de aguamarinas y cuarzo rosa con talla pera.Forman parte de una serie limitada de piezas \u00fanicas, con dise\u00f1os exclusivos creados especialmente para cada piedra. Estas, a su vez, son tambi\u00e9n \u00fanicas, [&hellip;]<\/p>\n","protected":false},"featured_media":2521,"template":"","meta":{"inline_featured_image":false,"site-sidebar-layout":"default","site-content-layout":"","ast-site-content-layout":"default","site-content-style":"default","site-sidebar-style":"default","ast-global-header-display":"","ast-banner-title-visibility":"","ast-main-header-display":"","ast-hfb-above-header-display":"","ast-hfb-below-header-display":"","ast-hfb-mobile-header-display":"","site-post-title":"","ast-breadcrumbs-content":"","ast-featured-img":"","footer-sml-layout":"","ast-disable-related-posts":"","theme-transparent-header-meta":"default","adv-header-id-meta":"","stick-header-meta":"default","header-above-stick-meta":"","header-main-stick-meta":"","header-below-stick-meta":"","astra-migrate-meta-layouts":"set","ast-page-background-enabled":"default","ast-page-background-meta":{"desktop":{"background-color":"","background-image":"","background-repeat":"repeat","background-position":"center center","background-size":"auto","background-attachment":"scroll","background-type":"","background-media":"","overlay-type":"","overlay-color":"","overlay-opacity":"","overlay-gradient":""},"tablet":{"background-color":"","background-image":"","background-repeat":"repeat","background-position":"center center","background-size":"auto","background-attachment":"scroll","background-type":"","background-media":"","overlay-type":"","overlay-color":"","overlay-opacity":"","overlay-gradient":""},"mobile":{"background-color":"","background-image":"","background-repeat":"repeat","background-position":"center center","background-size":"auto","background-attachment":"scroll","background-type":"","background-media":"","overlay-type":"","overlay-color":"","overlay-opacity":"","overlay-gradient":""}},"ast-content-background-meta":{"desktop":{"background-color":"var(--ast-global-color-5)","background-image":"","background-repeat":"repeat","background-position":"center center","background-size":"auto","background-attachment":"scroll","background-type":"","background-media":"","overlay-type":"","overlay-color":"","overlay-opacity":"","overlay-gradient":""},"tablet":{"background-color":"var(--ast-global-color-5)","background-image":"","background-repeat":"repeat","background-position":"center center","background-size":"auto","background-attachment":"scroll","background-type":"","background-media":"","overlay-type":"","overlay-color":"","overlay-opacity":"","overlay-gradient":""},"mobile":{"background-color":"var(--ast-global-color-5)","background-image":"","background-repeat":"repeat","background-position":"center center","background-size":"auto","background-attachment":"scroll","background-type":"","background-media":"","overlay-type":"","overlay-color":"","overlay-opacity":"","overlay-gradient":""}}},"product_brand":[],"product_cat":[70],"product_tag":[],"class_list":{"0":"post-2548","1":"product","2":"type-product","3":"status-publish","4":"has-post-thumbnail","6":"product_cat-mystery","7":"desktop-align-left","8":"tablet-align-left","9":"mobile-align-left","10":"ast-product-gallery-layout-horizontal-slider","11":"ast-product-tabs-layout-horizontal","13":"first","14":"instock","15":"taxable","16":"shipping-taxable","17":"purchasable","18":"product-type-simple"},"acf":[],"yoast_head":"<!-- This site is optimized with the Yoast SEO plugin v27.4 - https:\/\/yoast.com\/product\/yoast-seo-wordpress\/ -->\n<title>EF\u00cdMERA BELLEZA - Jose Marin GOLDSMITH<\/title>\n<meta name=\"description\" content=\"Estos pendientes, denominados &quot;Ef\u00edmera Belleza&quot;, est\u00e1n confeccionados en plata de ley con un ba\u00f1o de oro de 1 micra. Su dise\u00f1o realza la fusi\u00f3n de\" \/>\n<meta name=\"robots\" content=\"index, follow, max-snippet:-1, max-image-preview:large, max-video-preview:-1\" \/>\n<link rel=\"canonical\" href=\"https:\/\/www.josemarin.net\/tienda\/en\/product\/efimera-belleza\/\" \/>\n<meta property=\"og:locale\" content=\"en_US\" \/>\n<meta property=\"og:type\" content=\"article\" \/>\n<meta property=\"og:title\" content=\"EF\u00cdMERA BELLEZA - Jose Marin GOLDSMITH\" \/>\n<meta property=\"og:description\" content=\"Estos pendientes, denominados &quot;Ef\u00edmera Belleza&quot;, est\u00e1n confeccionados en plata de ley con un ba\u00f1o de oro de 1 micra. Su dise\u00f1o realza la fusi\u00f3n de\" \/>\n<meta property=\"og:url\" content=\"https:\/\/www.josemarin.net\/tienda\/en\/product\/efimera-belleza\/\" \/>\n<meta property=\"og:site_name\" content=\"Jose Marin GOLDSMITH\" \/>\n<meta property=\"article:publisher\" content=\"https:\/\/www.facebook.com\/titaniumgoldsmith\/\" \/>\n<meta property=\"article:modified_time\" content=\"2025-12-14T12:19:41+00:00\" \/>\n<meta property=\"og:image\" content=\"https:\/\/www.josemarin.net\/tienda\/wp-content\/uploads\/2025\/12\/Efimera-belleza-1-scaled.jpg\" \/>\n\t<meta property=\"og:image:width\" content=\"2560\" \/>\n\t<meta property=\"og:image:height\" content=\"2560\" \/>\n\t<meta property=\"og:image:type\" content=\"image\/jpeg\" \/>\n<meta name=\"twitter:card\" content=\"summary_large_image\" \/>\n<script type=\"application\/ld+json\" class=\"yoast-schema-graph\">{\"@context\":\"https:\\\/\\\/schema.org\",\"@graph\":[{\"@type\":\"WebPage\",\"@id\":\"https:\\\/\\\/www.josemarin.net\\\/tienda\\\/producto\\\/efimera-belleza\\\/\",\"url\":\"https:\\\/\\\/www.josemarin.net\\\/tienda\\\/producto\\\/efimera-belleza\\\/\",\"name\":\"EF\u00cdMERA BELLEZA - Jose Marin GOLDSMITH\",\"isPartOf\":{\"@id\":\"https:\\\/\\\/www.josemarin.net\\\/tienda\\\/#website\"},\"primaryImageOfPage\":{\"@id\":\"https:\\\/\\\/www.josemarin.net\\\/tienda\\\/producto\\\/efimera-belleza\\\/#primaryimage\"},\"image\":{\"@id\":\"https:\\\/\\\/www.josemarin.net\\\/tienda\\\/producto\\\/efimera-belleza\\\/#primaryimage\"},\"thumbnailUrl\":\"https:\\\/\\\/www.josemarin.net\\\/tienda\\\/wp-content\\\/uploads\\\/2025\\\/12\\\/Efimera-belleza-1-scaled.jpg\",\"datePublished\":\"2025-12-08T14:16:30+00:00\",\"dateModified\":\"2025-12-14T12:19:41+00:00\",\"description\":\"Estos pendientes, denominados \\\"Ef\u00edmera Belleza\\\", est\u00e1n confeccionados en plata de ley con un ba\u00f1o de oro de 1 micra. Su dise\u00f1o realza la fusi\u00f3n de\",\"breadcrumb\":{\"@id\":\"https:\\\/\\\/www.josemarin.net\\\/tienda\\\/producto\\\/efimera-belleza\\\/#breadcrumb\"},\"inLanguage\":\"en-US\",\"potentialAction\":[{\"@type\":\"ReadAction\",\"target\":[\"https:\\\/\\\/www.josemarin.net\\\/tienda\\\/producto\\\/efimera-belleza\\\/\"]}]},{\"@type\":\"ImageObject\",\"inLanguage\":\"en-US\",\"@id\":\"https:\\\/\\\/www.josemarin.net\\\/tienda\\\/producto\\\/efimera-belleza\\\/#primaryimage\",\"url\":\"https:\\\/\\\/www.josemarin.net\\\/tienda\\\/wp-content\\\/uploads\\\/2025\\\/12\\\/Efimera-belleza-1-scaled.jpg\",\"contentUrl\":\"https:\\\/\\\/www.josemarin.net\\\/tienda\\\/wp-content\\\/uploads\\\/2025\\\/12\\\/Efimera-belleza-1-scaled.jpg\",\"width\":2560,\"height\":2560,\"caption\":\"Efimera belleza (1)\"},{\"@type\":\"BreadcrumbList\",\"@id\":\"https:\\\/\\\/www.josemarin.net\\\/tienda\\\/producto\\\/efimera-belleza\\\/#breadcrumb\",\"itemListElement\":[{\"@type\":\"ListItem\",\"position\":1,\"name\":\"Home\",\"item\":\"https:\\\/\\\/www.josemarin.net\\\/tienda\\\/\"},{\"@type\":\"ListItem\",\"position\":2,\"name\":\"Productos\",\"item\":\"https:\\\/\\\/www.josemarin.net\\\/tienda\\\/tienda\\\/\"},{\"@type\":\"ListItem\",\"position\":3,\"name\":\"EF\u00cdMERA BELLEZA\"}]},{\"@type\":\"WebSite\",\"@id\":\"https:\\\/\\\/www.josemarin.net\\\/tienda\\\/#website\",\"url\":\"https:\\\/\\\/www.josemarin.net\\\/tienda\\\/\",\"name\":\"Jose Marin GOLDSMITH\",\"description\":\"GOLDSMITH\",\"publisher\":{\"@id\":\"https:\\\/\\\/www.josemarin.net\\\/tienda\\\/#organization\"},\"potentialAction\":[{\"@type\":\"SearchAction\",\"target\":{\"@type\":\"EntryPoint\",\"urlTemplate\":\"https:\\\/\\\/www.josemarin.net\\\/tienda\\\/?s={search_term_string}\"},\"query-input\":{\"@type\":\"PropertyValueSpecification\",\"valueRequired\":true,\"valueName\":\"search_term_string\"}}],\"inLanguage\":\"en-US\"},{\"@type\":\"Organization\",\"@id\":\"https:\\\/\\\/www.josemarin.net\\\/tienda\\\/#organization\",\"name\":\"Jose Marin - Orfebre del titanio - Joyer\u00eda de autor\",\"url\":\"https:\\\/\\\/www.josemarin.net\\\/tienda\\\/\",\"logo\":{\"@type\":\"ImageObject\",\"inLanguage\":\"en-US\",\"@id\":\"https:\\\/\\\/www.josemarin.net\\\/tienda\\\/#\\\/schema\\\/logo\\\/image\\\/\",\"url\":\"https:\\\/\\\/www.josemarin.net\\\/tienda\\\/wp-content\\\/uploads\\\/2023\\\/09\\\/logoMarin_ok-1.svg\",\"contentUrl\":\"https:\\\/\\\/www.josemarin.net\\\/tienda\\\/wp-content\\\/uploads\\\/2023\\\/09\\\/logoMarin_ok-1.svg\",\"width\":302,\"height\":139,\"caption\":\"Jose Marin - Orfebre del titanio - Joyer\u00eda de autor\"},\"image\":{\"@id\":\"https:\\\/\\\/www.josemarin.net\\\/tienda\\\/#\\\/schema\\\/logo\\\/image\\\/\"},\"sameAs\":[\"https:\\\/\\\/www.facebook.com\\\/titaniumgoldsmith\\\/\"]}]}<\/script>\n<!-- \/ Yoast SEO plugin. -->","yoast_head_json":{"title":"EPHEMERAL BEAUTY - Jose Marin GOLDSMITH","description":"These earrings, called &quot;Ephemeral Beauty,&quot; are crafted from sterling silver with a 1-micron gold plating. Their design highlights the fusion of","robots":{"index":"index","follow":"follow","max-snippet":"max-snippet:-1","max-image-preview":"max-image-preview:large","max-video-preview":"max-video-preview:-1"},"canonical":"https:\/\/www.josemarin.net\/tienda\/en\/product\/efimera-belleza\/","og_locale":"en_US","og_type":"article","og_title":"EF\u00cdMERA BELLEZA - Jose Marin GOLDSMITH","og_description":"Estos pendientes, denominados \"Ef\u00edmera Belleza\", est\u00e1n confeccionados en plata de ley con un ba\u00f1o de oro de 1 micra. Su dise\u00f1o realza la fusi\u00f3n de","og_url":"https:\/\/www.josemarin.net\/tienda\/en\/product\/efimera-belleza\/","og_site_name":"Jose Marin GOLDSMITH","article_publisher":"https:\/\/www.facebook.com\/titaniumgoldsmith\/","article_modified_time":"2025-12-14T12:19:41+00:00","og_image":[{"width":2560,"height":2560,"url":"https:\/\/www.josemarin.net\/tienda\/wp-content\/uploads\/2025\/12\/Efimera-belleza-1-scaled.jpg","type":"image\/jpeg"}],"twitter_card":"summary_large_image","schema":{"@context":"https:\/\/schema.org","@graph":[{"@type":"WebPage","@id":"https:\/\/www.josemarin.net\/tienda\/producto\/efimera-belleza\/","url":"https:\/\/www.josemarin.net\/tienda\/producto\/efimera-belleza\/","name":"EPHEMERAL BEAUTY - Jose Marin GOLDSMITH","isPartOf":{"@id":"https:\/\/www.josemarin.net\/tienda\/#website"},"primaryImageOfPage":{"@id":"https:\/\/www.josemarin.net\/tienda\/producto\/efimera-belleza\/#primaryimage"},"image":{"@id":"https:\/\/www.josemarin.net\/tienda\/producto\/efimera-belleza\/#primaryimage"},"thumbnailUrl":"https:\/\/www.josemarin.net\/tienda\/wp-content\/uploads\/2025\/12\/Efimera-belleza-1-scaled.jpg","datePublished":"2025-12-08T14:16:30+00:00","dateModified":"2025-12-14T12:19:41+00:00","description":"These earrings, called &quot;Ephemeral Beauty,&quot; are crafted from sterling silver with a 1-micron gold plating. Their design highlights the fusion of","breadcrumb":{"@id":"https:\/\/www.josemarin.net\/tienda\/producto\/efimera-belleza\/#breadcrumb"},"inLanguage":"en-US","potentialAction":[{"@type":"ReadAction","target":["https:\/\/www.josemarin.net\/tienda\/producto\/efimera-belleza\/"]}]},{"@type":"ImageObject","inLanguage":"en-US","@id":"https:\/\/www.josemarin.net\/tienda\/producto\/efimera-belleza\/#primaryimage","url":"https:\/\/www.josemarin.net\/tienda\/wp-content\/uploads\/2025\/12\/Efimera-belleza-1-scaled.jpg","contentUrl":"https:\/\/www.josemarin.net\/tienda\/wp-content\/uploads\/2025\/12\/Efimera-belleza-1-scaled.jpg","width":2560,"height":2560,"caption":"Efimera belleza (1)"},{"@type":"BreadcrumbList","@id":"https:\/\/www.josemarin.net\/tienda\/producto\/efimera-belleza\/#breadcrumb","itemListElement":[{"@type":"ListItem","position":1,"name":"Home","item":"https:\/\/www.josemarin.net\/tienda\/"},{"@type":"ListItem","position":2,"name":"Productos","item":"https:\/\/www.josemarin.net\/tienda\/tienda\/"},{"@type":"ListItem","position":3,"name":"EF\u00cdMERA BELLEZA"}]},{"@type":"WebSite","@id":"https:\/\/www.josemarin.net\/tienda\/#website","url":"https:\/\/www.josemarin.net\/tienda\/","name":"Jose Marin GOLDSMITH","description":"GOLDSMITH","publisher":{"@id":"https:\/\/www.josemarin.net\/tienda\/#organization"},"potentialAction":[{"@type":"SearchAction","target":{"@type":"EntryPoint","urlTemplate":"https:\/\/www.josemarin.net\/tienda\/?s={search_term_string}"},"query-input":{"@type":"PropertyValueSpecification","valueRequired":true,"valueName":"search_term_string"}}],"inLanguage":"en-US"},{"@type":"Organization","@id":"https:\/\/www.josemarin.net\/tienda\/#organization","name":"Jose Marin - Titanium goldsmith - Signature jewelry","url":"https:\/\/www.josemarin.net\/tienda\/","logo":{"@type":"ImageObject","inLanguage":"en-US","@id":"https:\/\/www.josemarin.net\/tienda\/#\/schema\/logo\/image\/","url":"https:\/\/www.josemarin.net\/tienda\/wp-content\/uploads\/2023\/09\/logoMarin_ok-1.svg","contentUrl":"https:\/\/www.josemarin.net\/tienda\/wp-content\/uploads\/2023\/09\/logoMarin_ok-1.svg","width":302,"height":139,"caption":"Jose Marin - Orfebre del titanio - Joyer\u00eda de autor"},"image":{"@id":"https:\/\/www.josemarin.net\/tienda\/#\/schema\/logo\/image\/"},"sameAs":["https:\/\/www.facebook.com\/titaniumgoldsmith\/"]}]}},"_links":{"self":[{"href":"https:\/\/www.josemarin.net\/tienda\/en\/wp-json\/wp\/v2\/product\/2548","targetHints":{"allow":["GET"]}}],"collection":[{"href":"https:\/\/www.josemarin.net\/tienda\/en\/wp-json\/wp\/v2\/product"}],"about":[{"href":"https:\/\/www.josemarin.net\/tienda\/en\/wp-json\/wp\/v2\/types\/product"}],"version-history":[{"count":3,"href":"https:\/\/www.josemarin.net\/tienda\/en\/wp-json\/wp\/v2\/product\/2548\/revisions"}],"predecessor-version":[{"id":2554,"href":"https:\/\/www.josemarin.net\/tienda\/en\/wp-json\/wp\/v2\/product\/2548\/revisions\/2554"}],"wp:featuredmedia":[{"embeddable":true,"href":"https:\/\/www.josemarin.net\/tienda\/en\/wp-json\/wp\/v2\/media\/2521"}],"wp:attachment":[{"href":"https:\/\/www.josemarin.net\/tienda\/en\/wp-json\/wp\/v2\/media?parent=2548"}],"wp:term":[{"taxonomy":"product_brand","embeddable":true,"href":"https:\/\/www.josemarin.net\/tienda\/en\/wp-json\/wp\/v2\/product_brand?post=2548"},{"taxonomy":"product_cat","embeddable":true,"href":"https:\/\/www.josemarin.net\/tienda\/en\/wp-json\/wp\/v2\/product_cat?post=2548"},{"taxonomy":"product_tag","embeddable":true,"href":"https:\/\/www.josemarin.net\/tienda\/en\/wp-json\/wp\/v2\/product_tag?post=2548"}],"curies":[{"name":"wp","href":"https:\/\/api.w.org\/{rel}","templated":true}]}}