{"id":198,"date":"2023-04-12T21:07:15","date_gmt":"2023-04-12T19:07:15","guid":{"rendered":"https:\/\/www.josemarin.net\/tienda\/?page_id=198"},"modified":"2023-09-11T16:05:00","modified_gmt":"2023-09-11T14:05:00","slug":"condiciones-de-compra-y-gastos-de-envio","status":"publish","type":"page","link":"https:\/\/www.josemarin.net\/tienda\/en\/condiciones-de-compra-y-gastos-de-envio\/","title":{"rendered":"Purchase conditions and shipping costs"},"content":{"rendered":"<div data-elementor-type=\"wp-page\" data-elementor-id=\"198\" class=\"elementor elementor-198\" data-elementor-post-type=\"page\">\n\t\t\t\t\t\t<section class=\"elementor-section elementor-top-section elementor-element elementor-element-50503f77 elementor-section-boxed elementor-section-height-default elementor-section-height-default\" data-id=\"50503f77\" data-element_type=\"section\" data-e-type=\"section\">\n\t\t\t\t\t\t<div class=\"elementor-container elementor-column-gap-default\">\n\t\t\t\t\t<div class=\"elementor-column elementor-col-100 elementor-top-column elementor-element elementor-element-7a72d7a7\" data-id=\"7a72d7a7\" data-element_type=\"column\" data-e-type=\"column\">\n\t\t\t<div class=\"elementor-widget-wrap elementor-element-populated\">\n\t\t\t\t\t\t<div class=\"elementor-element elementor-element-54ee387 elementor-widget elementor-widget-heading\" data-id=\"54ee387\" data-element_type=\"widget\" data-e-type=\"widget\" data-widget_type=\"heading.default\">\n\t\t\t\t<div class=\"elementor-widget-container\">\n\t\t\t\t\t<h1 class=\"elementor-heading-title elementor-size-default\">Purchase conditions and shipping costs<\/h1>\t\t\t\t<\/div>\n\t\t\t\t<\/div>\n\t\t\t\t<div class=\"elementor-element elementor-element-63a6caef elementor-widget elementor-widget-text-editor\" data-id=\"63a6caef\" data-element_type=\"widget\" data-e-type=\"widget\" data-widget_type=\"text-editor.default\">\n\t\t\t\t<div class=\"elementor-widget-container\">\n\t\t\t\t\t\t\t\t\t<p><strong>CONTRACTING CONDITIONS OF THE ONLINE STORE<\/strong><\/p>\n<p><strong>MODIFICATION OF THESE CONDITIONS AND DURATION<\/strong><\/p>\n<p>JOSE MARIN RUIZ may modify the conditions determined here at any time, being duly published as they appear here. The validity of the aforementioned conditions will depend on their exposure and will be in force until they are modified by others duly published. The last modification of the conditions is from 11\/18\/2020.<\/p>\n<p><strong>SECURITY<\/strong><\/p>\n<p>The website uses generally accepted industry information security techniques, such as firewalls, access control procedures and cryptographic mechanisms, all with the aim of preventing unauthorized access to data. To achieve these purposes, the user\/client accepts that the provider obtains data for the purposes of the corresponding authentication of access controls.<\/p>\n<p>Our secure server guarantees the privacy of the data you transmit to us. This privacy is achieved through the SSL protocol, encrypting the data sent using the RSA encryption system, so that no one can appropriate it since they do not have the necessary key. You can check that your browser is secure if the padlock symbol appears and you can also see that the URL changes slightly: it no longer begins with http but with https.<\/p>\n<p><strong>SHIPPING COSTS<\/strong><\/p>\n<p>Shipping and\/or management costs are not included in the price and will be shown to you before completing your purchase, depending on the shipping address of each order. Below, we detail the shipping costs in the following table:<\/p>\n<ul>\n<li>Spain: \u20ac2.95 (peninsula), \u20ac4.95 (Balearic Islands)<\/li>\n<li>For shipments to the Canary Islands, please contact us first.<\/li>\n<li>Europe: \u20ac8.95. Rest of the World: \u20ac9.95<\/li>\n<\/ul>\n<p>Delivery time in Spain: Between 1 and 2 days.<\/p>\n<p><strong>PLACING THE ORDER<\/strong><\/p>\n<p>To place an order it is necessary to connect to www.josemarin.net, and register as a user, completing the electronic form that appears at all times on the website of the online store and following the instructions indicated therein. After registration, and to proceed with the purchase of products, you must add the product you wish to purchase to the basket, according to the instructions on the screen, completing for this purpose the order form provided and validating it.<\/p>\n<p>The prices presented on the website are valid only and exclusively for online orders placed on www.josemarin.net. All prices published on our website are VAT included.<\/p>\n<p>The validation of the order by the client expressly implies knowledge and acceptance of these general contracting conditions as part of the conclusion of the contract.<\/p>\n<p><strong>Once the purchase has been made and in the shortest possible time, always before 24 hours have passed from the execution of the purchase, the JOSE MARIN RUIZ Customer Service will send you proof of purchase by e-mail.<\/strong><\/p>\n<p>If you do not agree with the data contained in said confirmation, you may request their modification or cancellation of the contract.<\/p>\n<p><strong>LANGUAGE OF FORMALIZATION OF THE CONTRACT<\/strong><\/p>\n<p>The language or languages in which the contract may be formalized on this website is Spanish.<\/p>\n<p><strong>PRODUCT AVAILABILITY<\/strong><\/p>\n<p>The selection of products offered on www.josemarin.net is valid as long as the products are visible on the website. As it is electronic commerce, the stock is updated online, so it could eventually happen that the stock runs out during the purchasing process.<\/p>\n<p>If this happens, we will inform you immediately to offer you an alternative or refund the amount paid for the product.<\/p>\n<p><strong>WAY TO MAKE CLAIMS<\/strong><\/p>\n<p>To make any claim in relation to the obligations established in Article 110 of Law 3\/2014, you must contact us.<\/p>\n<p><strong>FAILURE TO EXECUTE THE CONTRACT<\/strong><\/p>\n<p>In the event of non-execution of the contract by the entity due to the purchased product not being available or for any other reason, the client will be informed of this lack of availability and\/or reason that justifies it and will recover the sums without any undue delay. that has been paid under it.<span class=\"Apple-converted-space\">&nbsp; <\/span>In the event of unjustified delay on the part of JOSE MARIN RUIZ regarding the return of the sums paid, the client may claim to be paid double the amount owed, without prejudice to their right to be compensated for the damages suffered in the that exceed said amount.<\/p>\n<p><strong>SHIPPING MODE AND TIMES<\/strong><\/p>\n<p>The products are sent to the shipping address that you have indicated in the order. In the case of placing an order for several items with different availabilities, the shipping time will take into account the longest expected delivery. In exceptional cases, JOSE MARIN RUIZ will reserve the right to break down the order, sending the available items and leaving the unavailable items pending a second shipment.<\/p>\n<p>To carry out the transportation and delivery of shipments, we have chosen a courier company of recognized prestige.<\/p>\n<p>The established shipping time will depend on the order requested. It will be approximately five business days from receipt of payment, considering business days Monday through Friday.<\/p>\n<p>In the event that the customer detects any problem at the time of delivery of their order (damaged packaging, missing or damaged products), they must indicate it in writing on the carrier&#039;s delivery note, and contact them within 14 days following the delivery. reception. No return of a damaged item will be accepted, as well as a claim for a missing item, if it has not been communicated within the established period, sending us photos and a description of the problem.<\/p>\n<p>All this without prejudice to the right of guarantee for products that do not comply with the contract that assists every consumer, in accordance with current regulations.<\/p>\n<p>In case your order has been sent and you do not have news of the delivery, you can contact our Customer Service through: info@josemarin.net<\/p>\n<p><strong>PAY<\/strong><\/p>\n<p>JOSE MARIN RUIZ accepts payment by Credit Card, you can use Visa and MasterCard. If you make the payment with a VISA or Maestro card, your card will be charged on a deferred basis, that is, at the time of shipping. This way, only items shipped and at the time of shipping will be charged. In the event that the POS informs about the denial of the card, the order will be automatically cancelled, informing the customer online of the cancellation. For payments made with cards issued outside of Spain, it is necessary that the issuing bank is covered by the Secure Electronic Commerce Security Protocol (CES). Payments with cards that do not meet this requirement will not be accepted. As an alternative we propose the transfer payment. JOSE MARIN RUIZ reserves the right to reject any operation made with a credit card. In this case we will proceed to refund the cash to the original card. In these cases and if the client is interested in progressing with the purchase of the items, we will request a bank transfer.<\/p>\n<p><strong>RIGHT OF WITHDRAWAL<\/strong><\/p>\n<p>If you are not satisfied, you can return your purchases made at www.josemarin.net at our office located at Vicente Puchol 30, 46026 Castellar, by completing the withdrawal document that you can download here.<\/p>\n<ul>\n<li><a href=\"#\">Download the withdrawal document here<\/a>.<\/li>\n<\/ul>\n<p>The maximum period to request a return is stipulated in the following periods, from receipt of the order:<\/p>\n<p>-14 calendar days for all products in our online store.<\/p>\n<p>The return will be made in the same payment method as the purchase. This right is additional to the right of guarantee recognized in RDL 1\/2007 of November 16 on the defense of consumers and users.<\/p>\n<p>The circumstances that may cause a return are the following:<\/p>\n<p>a) If the product you have ordered does not satisfy you: You can return it via courier to JOSE MARIN RUIZ. We will refund the amount of the product but not the costs of returning the product.<\/p>\n<p>b) If you wish to make an exchange for another item, the return costs will not be assumed by JOSE MARIN RUIZ<\/p>\n<p>c) Product that, by mistake, does not correspond to the order: JOSE MARIN RUIZ will bear the costs of collecting the wrong product and delivering the corresponding product to the order placed.<\/p>\n<p>d) The products must be packaged and unsealed. The packaging must be in perfect condition and retain all its original accessories and instructions in order to be returned.<\/p>\n<p>Neither in physical stores nor in the JOSE MARIN RUIZ online store will returns of products that have not been purchased in the entity be accepted.<\/p>\n<p>In all cases, the products must be in perfect condition, in their original packaging and with the manuals, accessories or promotional gifts, if applicable, included.<\/p>\n<p>In accordance with article 103 of Law 3\/2014 on the Defense of Consumers and Users, the right of withdrawal is excepted for those products that are clearly personalized or that have been made in accordance with the client&#039;s specifications.<\/p>\n<p><a href=\"#\">Download the withdrawal document here<\/a>.<\/p>\n<p><strong>CANCELLATION OF THE ORDER<\/strong><\/p>\n<p>In the event that an order is canceled before departure, the customer will not have any costs. In the event that an order is canceled after the merchandise has shipped, the customer will be responsible for the shipping costs as well as the costs of returning the order.<\/p>\n<p><strong>PRODUCT WARRANTY<\/strong><\/p>\n<p>The warranty period is 2 years, from the delivery of the product, although it does not include deficiencies caused by negligence, knocks, incorrect use or improper manipulation, or materials that are worn out by use. Unless proven otherwise, it will be presumed that the lack of conformity that appears within 6 months after the delivery of the product, whether new or second-hand, already existed when the thing was delivered, except when this presumption is incompatible with the nature of the product or the nature of the lack of conformity. JOSE MARIN RUIZ reserves the right to request verification of the origin of the problem from an official technical service of the brand. If there is a defect caused by misuse, the repair will be billable. In those cases that justify the application of the guarantee, the option will be to repair, replace the item, discount or return, under the legally established terms.<\/p>\n<p><strong>REFUND OF AMOUNTS PAID<\/strong><\/p>\n<p>The refund will be made through the payment method you used for the purchase.<\/p>\n<p>JOSE MARIN RUIZ will not refund the amount or resend any merchandise until the receipt and condition of the packaging and accessories of the item being returned or exchanged has been verified in our warehouses. The price to be returned is the one that originally appeared in the order, except for transportation costs. Once the correct condition of the returned product has been verified, JOSE MARIN RUIZ will proceed to refund the amount within a maximum period of 15 days.<\/p>\n<p><strong>APPLICABLE LAW AND JURISDICTION<\/strong><\/p>\n<p>The relationship between JOSE MARIN RUIZ and the USER will be governed by current Spanish regulations and any controversy will be submitted to the Courts and Tribunals of the corresponding city.<\/p>\n<p><strong>ONLINE DISPUTE RESOLUTION PLATFORM<\/strong><\/p>\n<p>The entity is committed to online dispute resolution in consumer matters in accordance with Art. 14.1 of Regulation (EU) 524\/2013: The European Commission provides an online dispute resolution platform that is available at the following link:<\/p>\n<p><a href=\"http:\/\/ec.europa.eu\/consumers\/odr\/\">http:\/\/ec.europa.eu\/consumers\/odr\/<\/a><\/p>\n<p>Consumers will be able to submit their complaints through the online dispute resolution platform.<\/p>\t\t\t\t\t\t\t\t<\/div>\n\t\t\t\t<\/div>\n\t\t\t\t\t<\/div>\n\t\t<\/div>\n\t\t\t\t\t<\/div>\n\t\t<\/section>\n\t\t\t\t<\/div>","protected":false},"excerpt":{"rendered":"<p>Condiciones de compra y gastos de env\u00edo CONDICIONES DE CONTRATACI\u00d3N DE LA TIENDA ONLINE MODIFICACI\u00d3N DE LAS PRESENTES CONDICIONES Y DURACI\u00d3N podr\u00e1 modificar en cualquier momento las condiciones aqu\u00ed determinadas, siendo debidamente publicadas como aqu\u00ed aparecen. La vigencia de las citadas condiciones ir\u00e1 en funci\u00f3n de su exposici\u00f3n y estar\u00e1n vigentes hasta que sean modificadas [&hellip;]<\/p>\n","protected":false},"author":1,"featured_media":0,"parent":0,"menu_order":8,"comment_status":"closed","ping_status":"closed","template":"elementor_header_footer","meta":{"inline_featured_image":false,"site-sidebar-layout":"default","site-content-layout":"default","ast-site-content-layout":"default","site-content-style":"default","site-sidebar-style":"default","ast-global-header-display":"","ast-banner-title-visibility":"","ast-main-header-display":"","ast-hfb-above-header-display":"","ast-hfb-below-header-display":"","ast-hfb-mobile-header-display":"","site-post-title":"","ast-breadcrumbs-content":"","ast-featured-img":"","footer-sml-layout":"","ast-disable-related-posts":"","theme-transparent-header-meta":"default","adv-header-id-meta":"","stick-header-meta":"default","header-above-stick-meta":"","header-main-stick-meta":"","header-below-stick-meta":"","astra-migrate-meta-layouts":"default","ast-page-background-enabled":"default","ast-page-background-meta":{"desktop":{"background-color":"","background-image":"","background-repeat":"repeat","background-position":"center center","background-size":"auto","background-attachment":"scroll","background-type":"","background-media":"","overlay-type":"","overlay-color":"","overlay-opacity":"","overlay-gradient":""},"tablet":{"background-color":"","background-image":"","background-repeat":"repeat","background-position":"center center","background-size":"auto","background-attachment":"scroll","background-type":"","background-media":"","overlay-type":"","overlay-color":"","overlay-opacity":"","overlay-gradient":""},"mobile":{"background-color":"","background-image":"","background-repeat":"repeat","background-position":"center center","background-size":"auto","background-attachment":"scroll","background-type":"","background-media":"","overlay-type":"","overlay-color":"","overlay-opacity":"","overlay-gradient":""}},"ast-content-background-meta":{"desktop":{"background-color":"var(--ast-global-color-5)","background-image":"","background-repeat":"repeat","background-position":"center center","background-size":"auto","background-attachment":"scroll","background-type":"","background-media":"","overlay-type":"","overlay-color":"","overlay-opacity":"","overlay-gradient":""},"tablet":{"background-color":"var(--ast-global-color-5)","background-image":"","background-repeat":"repeat","background-position":"center center","background-size":"auto","background-attachment":"scroll","background-type":"","background-media":"","overlay-type":"","overlay-color":"","overlay-opacity":"","overlay-gradient":""},"mobile":{"background-color":"var(--ast-global-color-5)","background-image":"","background-repeat":"repeat","background-position":"center center","background-size":"auto","background-attachment":"scroll","background-type":"","background-media":"","overlay-type":"","overlay-color":"","overlay-opacity":"","overlay-gradient":""}},"footnotes":""},"class_list":["post-198","page","type-page","status-publish","hentry"],"acf":[],"yoast_head":"<!-- This site is optimized with the Yoast SEO plugin v27.4 - https:\/\/yoast.com\/product\/yoast-seo-wordpress\/ -->\n<title>Condiciones de compra y gastos de env\u00edo - Jose Marin GOLDSMITH<\/title>\n<meta name=\"robots\" content=\"index, follow, max-snippet:-1, max-image-preview:large, max-video-preview:-1\" \/>\n<link rel=\"canonical\" href=\"https:\/\/www.josemarin.net\/tienda\/en\/condiciones-de-compra-y-gastos-de-envio\/\" \/>\n<meta property=\"og:locale\" content=\"en_US\" \/>\n<meta property=\"og:type\" content=\"article\" \/>\n<meta property=\"og:title\" content=\"Condiciones de compra y gastos de env\u00edo - Jose Marin GOLDSMITH\" \/>\n<meta property=\"og:description\" content=\"Condiciones de compra y gastos de env\u00edo CONDICIONES DE CONTRATACI\u00d3N DE LA TIENDA ONLINE MODIFICACI\u00d3N DE LAS PRESENTES CONDICIONES Y DURACI\u00d3N podr\u00e1 modificar en cualquier momento las condiciones aqu\u00ed determinadas, siendo debidamente publicadas como aqu\u00ed aparecen. La vigencia de las citadas condiciones ir\u00e1 en funci\u00f3n de su exposici\u00f3n y estar\u00e1n vigentes hasta que sean modificadas [&hellip;]\" \/>\n<meta property=\"og:url\" content=\"https:\/\/www.josemarin.net\/tienda\/en\/condiciones-de-compra-y-gastos-de-envio\/\" \/>\n<meta property=\"og:site_name\" content=\"Jose Marin GOLDSMITH\" \/>\n<meta property=\"article:publisher\" content=\"https:\/\/www.facebook.com\/titaniumgoldsmith\/\" \/>\n<meta property=\"article:modified_time\" content=\"2023-09-11T14:05:00+00:00\" \/>\n<meta name=\"twitter:card\" content=\"summary_large_image\" \/>\n<meta name=\"twitter:label1\" content=\"Est. reading time\" \/>\n\t<meta name=\"twitter:data1\" content=\"9 minutes\" \/>\n<script type=\"application\/ld+json\" class=\"yoast-schema-graph\">{\"@context\":\"https:\\\/\\\/schema.org\",\"@graph\":[{\"@type\":\"WebPage\",\"@id\":\"https:\\\/\\\/www.josemarin.net\\\/tienda\\\/condiciones-de-compra-y-gastos-de-envio\\\/\",\"url\":\"https:\\\/\\\/www.josemarin.net\\\/tienda\\\/condiciones-de-compra-y-gastos-de-envio\\\/\",\"name\":\"Condiciones de compra y gastos de env\u00edo - Jose Marin GOLDSMITH\",\"isPartOf\":{\"@id\":\"https:\\\/\\\/www.josemarin.net\\\/tienda\\\/#website\"},\"datePublished\":\"2023-04-12T19:07:15+00:00\",\"dateModified\":\"2023-09-11T14:05:00+00:00\",\"breadcrumb\":{\"@id\":\"https:\\\/\\\/www.josemarin.net\\\/tienda\\\/condiciones-de-compra-y-gastos-de-envio\\\/#breadcrumb\"},\"inLanguage\":\"en-US\",\"potentialAction\":[{\"@type\":\"ReadAction\",\"target\":[\"https:\\\/\\\/www.josemarin.net\\\/tienda\\\/condiciones-de-compra-y-gastos-de-envio\\\/\"]}]},{\"@type\":\"BreadcrumbList\",\"@id\":\"https:\\\/\\\/www.josemarin.net\\\/tienda\\\/condiciones-de-compra-y-gastos-de-envio\\\/#breadcrumb\",\"itemListElement\":[{\"@type\":\"ListItem\",\"position\":1,\"name\":\"Home\",\"item\":\"https:\\\/\\\/www.josemarin.net\\\/tienda\\\/\"},{\"@type\":\"ListItem\",\"position\":2,\"name\":\"Condiciones de compra y gastos de env\u00edo\"}]},{\"@type\":\"WebSite\",\"@id\":\"https:\\\/\\\/www.josemarin.net\\\/tienda\\\/#website\",\"url\":\"https:\\\/\\\/www.josemarin.net\\\/tienda\\\/\",\"name\":\"Jose Marin GOLDSMITH\",\"description\":\"GOLDSMITH\",\"publisher\":{\"@id\":\"https:\\\/\\\/www.josemarin.net\\\/tienda\\\/#organization\"},\"potentialAction\":[{\"@type\":\"SearchAction\",\"target\":{\"@type\":\"EntryPoint\",\"urlTemplate\":\"https:\\\/\\\/www.josemarin.net\\\/tienda\\\/?s={search_term_string}\"},\"query-input\":{\"@type\":\"PropertyValueSpecification\",\"valueRequired\":true,\"valueName\":\"search_term_string\"}}],\"inLanguage\":\"en-US\"},{\"@type\":\"Organization\",\"@id\":\"https:\\\/\\\/www.josemarin.net\\\/tienda\\\/#organization\",\"name\":\"Jose Marin - Orfebre del titanio - Joyer\u00eda de autor\",\"url\":\"https:\\\/\\\/www.josemarin.net\\\/tienda\\\/\",\"logo\":{\"@type\":\"ImageObject\",\"inLanguage\":\"en-US\",\"@id\":\"https:\\\/\\\/www.josemarin.net\\\/tienda\\\/#\\\/schema\\\/logo\\\/image\\\/\",\"url\":\"https:\\\/\\\/www.josemarin.net\\\/tienda\\\/wp-content\\\/uploads\\\/2023\\\/09\\\/logoMarin_ok-1.svg\",\"contentUrl\":\"https:\\\/\\\/www.josemarin.net\\\/tienda\\\/wp-content\\\/uploads\\\/2023\\\/09\\\/logoMarin_ok-1.svg\",\"width\":302,\"height\":139,\"caption\":\"Jose Marin - Orfebre del titanio - Joyer\u00eda de autor\"},\"image\":{\"@id\":\"https:\\\/\\\/www.josemarin.net\\\/tienda\\\/#\\\/schema\\\/logo\\\/image\\\/\"},\"sameAs\":[\"https:\\\/\\\/www.facebook.com\\\/titaniumgoldsmith\\\/\"]}]}<\/script>\n<!-- \/ Yoast SEO plugin. -->","yoast_head_json":{"title":"Purchase conditions and shipping costs - Jose Marin GOLDSMITH","robots":{"index":"index","follow":"follow","max-snippet":"max-snippet:-1","max-image-preview":"max-image-preview:large","max-video-preview":"max-video-preview:-1"},"canonical":"https:\/\/www.josemarin.net\/tienda\/en\/condiciones-de-compra-y-gastos-de-envio\/","og_locale":"en_US","og_type":"article","og_title":"Condiciones de compra y gastos de env\u00edo - Jose Marin GOLDSMITH","og_description":"Condiciones de compra y gastos de env\u00edo CONDICIONES DE CONTRATACI\u00d3N DE LA TIENDA ONLINE MODIFICACI\u00d3N DE LAS PRESENTES CONDICIONES Y DURACI\u00d3N podr\u00e1 modificar en cualquier momento las condiciones aqu\u00ed determinadas, siendo debidamente publicadas como aqu\u00ed aparecen. La vigencia de las citadas condiciones ir\u00e1 en funci\u00f3n de su exposici\u00f3n y estar\u00e1n vigentes hasta que sean modificadas [&hellip;]","og_url":"https:\/\/www.josemarin.net\/tienda\/en\/condiciones-de-compra-y-gastos-de-envio\/","og_site_name":"Jose Marin GOLDSMITH","article_publisher":"https:\/\/www.facebook.com\/titaniumgoldsmith\/","article_modified_time":"2023-09-11T14:05:00+00:00","twitter_card":"summary_large_image","twitter_misc":{"Est. reading time":"9 minutes"},"schema":{"@context":"https:\/\/schema.org","@graph":[{"@type":"WebPage","@id":"https:\/\/www.josemarin.net\/tienda\/condiciones-de-compra-y-gastos-de-envio\/","url":"https:\/\/www.josemarin.net\/tienda\/condiciones-de-compra-y-gastos-de-envio\/","name":"Purchase conditions and shipping costs - Jose Marin GOLDSMITH","isPartOf":{"@id":"https:\/\/www.josemarin.net\/tienda\/#website"},"datePublished":"2023-04-12T19:07:15+00:00","dateModified":"2023-09-11T14:05:00+00:00","breadcrumb":{"@id":"https:\/\/www.josemarin.net\/tienda\/condiciones-de-compra-y-gastos-de-envio\/#breadcrumb"},"inLanguage":"en-US","potentialAction":[{"@type":"ReadAction","target":["https:\/\/www.josemarin.net\/tienda\/condiciones-de-compra-y-gastos-de-envio\/"]}]},{"@type":"BreadcrumbList","@id":"https:\/\/www.josemarin.net\/tienda\/condiciones-de-compra-y-gastos-de-envio\/#breadcrumb","itemListElement":[{"@type":"ListItem","position":1,"name":"Home","item":"https:\/\/www.josemarin.net\/tienda\/"},{"@type":"ListItem","position":2,"name":"Condiciones de compra y gastos de env\u00edo"}]},{"@type":"WebSite","@id":"https:\/\/www.josemarin.net\/tienda\/#website","url":"https:\/\/www.josemarin.net\/tienda\/","name":"Jose Marin GOLDSMITH","description":"GOLDSMITH","publisher":{"@id":"https:\/\/www.josemarin.net\/tienda\/#organization"},"potentialAction":[{"@type":"SearchAction","target":{"@type":"EntryPoint","urlTemplate":"https:\/\/www.josemarin.net\/tienda\/?s={search_term_string}"},"query-input":{"@type":"PropertyValueSpecification","valueRequired":true,"valueName":"search_term_string"}}],"inLanguage":"en-US"},{"@type":"Organization","@id":"https:\/\/www.josemarin.net\/tienda\/#organization","name":"Jose Marin - Titanium goldsmith - Signature jewelry","url":"https:\/\/www.josemarin.net\/tienda\/","logo":{"@type":"ImageObject","inLanguage":"en-US","@id":"https:\/\/www.josemarin.net\/tienda\/#\/schema\/logo\/image\/","url":"https:\/\/www.josemarin.net\/tienda\/wp-content\/uploads\/2023\/09\/logoMarin_ok-1.svg","contentUrl":"https:\/\/www.josemarin.net\/tienda\/wp-content\/uploads\/2023\/09\/logoMarin_ok-1.svg","width":302,"height":139,"caption":"Jose Marin - Orfebre del titanio - Joyer\u00eda de autor"},"image":{"@id":"https:\/\/www.josemarin.net\/tienda\/#\/schema\/logo\/image\/"},"sameAs":["https:\/\/www.facebook.com\/titaniumgoldsmith\/"]}]}},"_links":{"self":[{"href":"https:\/\/www.josemarin.net\/tienda\/en\/wp-json\/wp\/v2\/pages\/198","targetHints":{"allow":["GET"]}}],"collection":[{"href":"https:\/\/www.josemarin.net\/tienda\/en\/wp-json\/wp\/v2\/pages"}],"about":[{"href":"https:\/\/www.josemarin.net\/tienda\/en\/wp-json\/wp\/v2\/types\/page"}],"author":[{"embeddable":true,"href":"https:\/\/www.josemarin.net\/tienda\/en\/wp-json\/wp\/v2\/users\/1"}],"replies":[{"embeddable":true,"href":"https:\/\/www.josemarin.net\/tienda\/en\/wp-json\/wp\/v2\/comments?post=198"}],"version-history":[{"count":7,"href":"https:\/\/www.josemarin.net\/tienda\/en\/wp-json\/wp\/v2\/pages\/198\/revisions"}],"predecessor-version":[{"id":494,"href":"https:\/\/www.josemarin.net\/tienda\/en\/wp-json\/wp\/v2\/pages\/198\/revisions\/494"}],"wp:attachment":[{"href":"https:\/\/www.josemarin.net\/tienda\/en\/wp-json\/wp\/v2\/media?parent=198"}],"curies":[{"name":"wp","href":"https:\/\/api.w.org\/{rel}","templated":true}]}}